{"id":154,"date":"2018-07-20T17:08:59","date_gmt":"2018-07-20T15:08:59","guid":{"rendered":"http:\/\/www.emmedigi.it\/wp\/?page_id=154"},"modified":"2022-05-16T14:26:51","modified_gmt":"2022-05-16T14:26:51","slug":"contatti","status":"publish","type":"page","link":"https:\/\/www.studioincontro.it\/index.php\/contatti\/","title":{"rendered":"Contatti"},"content":{"rendered":"<div id=\"pl-154\"  class=\"panel-layout\" ><div id=\"pg-154-0\"  class=\"panel-grid panel-no-style\" ><div id=\"pgc-154-0-0\"  class=\"panel-grid-cell\" ><div id=\"panel-154-0-0-0\" class=\"so-panel widget widget_sow-headline panel-first-child panel-last-child\" data-index=\"0\" ><div\n\t\t\t\n\t\t\tclass=\"so-widget-sow-headline so-widget-sow-headline-default-ea0af4cf39ae-154\"\n\t\t\t\n\t\t><div class=\"sow-headline-container \">\n\t\t\t\t\t\t<div class=\"decoration\">\n\t\t\t\t\t\t<div class=\"decoration-inside\"><\/div>\n\t\t\t\t\t<\/div>\n\t\t\t\t\t<\/div>\n<\/div><\/div><\/div><\/div><div id=\"pg-154-1\"  class=\"panel-grid panel-no-style\" ><div id=\"pgc-154-1-0\"  class=\"panel-grid-cell\" ><div id=\"panel-154-1-0-0\" class=\"so-panel widget widget_sow-image panel-first-child panel-last-child\" data-index=\"1\" ><div\n\t\t\t\n\t\t\tclass=\"so-widget-sow-image so-widget-sow-image-default-8b5b6f678277-154\"\n\t\t\t\n\t\t>\n<div class=\"sow-image-container\">\n\t\t<img \n\tsrc=\"https:\/\/www.studioincontro.it\/wp-content\/uploads\/2018\/12\/contatti3.jpg\" width=\"640\" height=\"426\" srcset=\"https:\/\/www.studioincontro.it\/wp-content\/uploads\/2018\/12\/contatti3.jpg 640w, https:\/\/www.studioincontro.it\/wp-content\/uploads\/2018\/12\/contatti3-300x200.jpg 300w, https:\/\/www.studioincontro.it\/wp-content\/uploads\/2018\/12\/contatti3-272x182.jpg 272w\" sizes=\"(max-width: 640px) 100vw, 640px\" alt=\"\" \t\tclass=\"so-widget-image\"\/>\n\t<\/div>\n\n<\/div><\/div><\/div><div id=\"pgc-154-1-1\"  class=\"panel-grid-cell\" ><div id=\"panel-154-1-1-0\" class=\"so-panel widget widget_sow-headline panel-first-child\" data-index=\"2\" ><div\n\t\t\t\n\t\t\tclass=\"so-widget-sow-headline so-widget-sow-headline-default-28c4efab10b6-154\"\n\t\t\t\n\t\t><div class=\"sow-headline-container \">\n\t\t\t\t\t\t\t<h2 class=\"sow-headline\">\n\t\t\t\t\t\tContatti\t\t\t\t\t\t<\/h2>\n\t\t\t\t\t\t\t\t\t\t\t<div class=\"decoration\">\n\t\t\t\t\t\t<div class=\"decoration-inside\"><\/div>\n\t\t\t\t\t<\/div>\n\t\t\t\t\t<\/div>\n<\/div><\/div><div id=\"panel-154-1-1-1\" class=\"so-panel widget widget_sow-editor\" data-index=\"3\" ><div\n\t\t\t\n\t\t\tclass=\"so-widget-sow-editor so-widget-sow-editor-base\"\n\t\t\t\n\t\t>\n<div class=\"siteorigin-widget-tinymce textwidget\">\n\t<h4 style=\"text-align: center;\">L'ufficio \u00e8 aperto dal luned\u00ec al venerd\u00ec <br \/>dalle ore 8.30\/12.30 e 15.00\/18.00<\/h4>\n<\/div>\n<\/div><\/div><div id=\"panel-154-1-1-2\" class=\"so-panel widget widget_sow-editor\" data-index=\"4\" ><div\n\t\t\t\n\t\t\tclass=\"so-widget-sow-editor so-widget-sow-editor-base\"\n\t\t\t\n\t\t>\n<div class=\"siteorigin-widget-tinymce textwidget\">\n\t<h1 style=\"text-align: center;\"><i class=\"fa fa-phone\" style=\"font-size: 40px; color: #404B56;\"><\/i> 030.6435057<\/h1>\n<\/div>\n<\/div><\/div><div id=\"panel-154-1-1-3\" class=\"so-panel widget widget_sow-editor\" data-index=\"5\" ><div\n\t\t\t\n\t\t\tclass=\"so-widget-sow-editor so-widget-sow-editor-base\"\n\t\t\t\n\t\t>\n<div class=\"siteorigin-widget-tinymce textwidget\">\n\t<h1 style=\"text-align: center;\"><i class=\"fa fa-fax\" style=\"font-size: 40px; color: #404B56;\"><\/i> 030.3454663<\/h1>\n<\/div>\n<\/div><\/div><div id=\"panel-154-1-1-4\" class=\"so-panel widget widget_sow-headline panel-last-child\" data-index=\"6\" ><div\n\t\t\t\n\t\t\tclass=\"so-widget-sow-headline so-widget-sow-headline-default-e11e2e7b2469-154\"\n\t\t\t\n\t\t><div class=\"sow-headline-container \">\n\t\t\t\t\t\t<div class=\"decoration\">\n\t\t\t\t\t\t<div class=\"decoration-inside\"><\/div>\n\t\t\t\t\t<\/div>\n\t\t\t\t\t<\/div>\n<\/div><\/div><\/div><\/div><div id=\"pg-154-2\"  class=\"panel-grid panel-no-style\" ><div id=\"pgc-154-2-0\"  class=\"panel-grid-cell\" ><div id=\"panel-154-2-0-0\" class=\"so-panel widget widget_sow-headline panel-first-child panel-last-child\" data-index=\"7\" ><div\n\t\t\t\n\t\t\tclass=\"so-widget-sow-headline so-widget-sow-headline-default-ea0af4cf39ae-154\"\n\t\t\t\n\t\t><div class=\"sow-headline-container \">\n\t\t\t\t\t\t<div class=\"decoration\">\n\t\t\t\t\t\t<div class=\"decoration-inside\"><\/div>\n\t\t\t\t\t<\/div>\n\t\t\t\t\t<\/div>\n<\/div><\/div><\/div><\/div><div id=\"pg-154-3\"  class=\"panel-grid panel-no-style\" ><div id=\"pgc-154-3-0\"  class=\"panel-grid-cell\" ><div id=\"panel-154-3-0-0\" class=\"so-panel widget widget_sow-editor panel-first-child panel-last-child\" data-index=\"8\" ><div class=\"panel-widget-style panel-widget-style-for-154-3-0-0\" ><div\n\t\t\t\n\t\t\tclass=\"so-widget-sow-editor so-widget-sow-editor-base\"\n\t\t\t\n\t\t>\n<div class=\"siteorigin-widget-tinymce textwidget\">\n\t<h1 style=\"text-align: center;\">\nNumero dedicato per le <b>urgenze<\/b> dei cond\u00f2mini:<\/h1>\n<h1 style=\"text-align: center;\"><b>cell.&nbsp;<\/b>335.8314690<\/h1>\n<h3 style=\"text-align: center;\">puoi utilizzare <b>whatsapp<\/b><br \/>\nper inviare immagini di guasti e problematiche<\/h3>\n<\/div>\n<\/div><\/div><\/div><\/div><div id=\"pgc-154-3-1\"  class=\"panel-grid-cell\" ><div id=\"panel-154-3-1-0\" class=\"so-panel widget widget_sow-image panel-first-child panel-last-child\" data-index=\"9\" ><div\n\t\t\t\n\t\t\tclass=\"so-widget-sow-image so-widget-sow-image-default-8b5b6f678277-154\"\n\t\t\t\n\t\t>\n<div class=\"sow-image-container\">\n\t\t<img \n\tsrc=\"https:\/\/www.studioincontro.it\/wp-content\/uploads\/2018\/12\/phone.png\" width=\"338\" height=\"338\" srcset=\"https:\/\/www.studioincontro.it\/wp-content\/uploads\/2018\/12\/phone.png 338w, https:\/\/www.studioincontro.it\/wp-content\/uploads\/2018\/12\/phone-150x150.png 150w, https:\/\/www.studioincontro.it\/wp-content\/uploads\/2018\/12\/phone-300x300.png 300w\" sizes=\"(max-width: 338px) 100vw, 338px\" alt=\"\" \t\tclass=\"so-widget-image\"\/>\n\t<\/div>\n\n<\/div><\/div><\/div><\/div><div id=\"pg-154-4\"  class=\"panel-grid panel-no-style\" ><div id=\"pgc-154-4-0\"  class=\"panel-grid-cell\" ><div id=\"panel-154-4-0-0\" class=\"so-panel widget widget_sow-headline panel-first-child panel-last-child\" data-index=\"10\" ><div\n\t\t\t\n\t\t\tclass=\"so-widget-sow-headline so-widget-sow-headline-default-ea0af4cf39ae-154\"\n\t\t\t\n\t\t><div class=\"sow-headline-container \">\n\t\t\t\t\t\t<div class=\"decoration\">\n\t\t\t\t\t\t<div class=\"decoration-inside\"><\/div>\n\t\t\t\t\t<\/div>\n\t\t\t\t\t<\/div>\n<\/div><\/div><\/div><\/div><div id=\"pg-154-5\"  class=\"panel-grid panel-has-style\" ><div class=\"siteorigin-panels-stretch panel-row-style panel-row-style-for-154-5\" data-stretch-type=\"full\" ><div id=\"pgc-154-5-0\"  class=\"panel-grid-cell\" ><div id=\"panel-154-5-0-0\" class=\"so-panel widget widget_origin_animated-image panel-first-child panel-last-child\" data-index=\"11\" ><div class=\"origin-widget origin-widget-animated-image origin-widget-animated-image-default-default\"><img decoding=\"async\" src=\"https:\/\/www.studioincontro.it\/wp-content\/uploads\/2018\/12\/msg_email1.png\" style=\"visibility:hidden\" data-animation=\"slide-down\" \/><\/div><\/div><\/div><div id=\"pgc-154-5-1\"  class=\"panel-grid-cell\" ><div id=\"panel-154-5-1-0\" class=\"so-panel widget widget_sow-contact-form panel-first-child panel-last-child\" data-index=\"12\" ><div\n\t\t\t\n\t\t\tclass=\"so-widget-sow-contact-form so-widget-sow-contact-form-default-e3823aaed46c-154\"\n\t\t\t\n\t\t><h3 class=\"widget-title\">Scrivici<\/h3>\t<form\n\t\taction=\"\/index.php\/wp-json\/wp\/v2\/pages\/154\"\n\t\tmethod=\"POST\"\n\t\tclass=\"sow-contact-form\"\n\t\tid=\"contact-form-9b35\"\n\t>\n\n\t\t\n\t\t\t\t\t<div class=\"sow-form-field sow-form-field-name\">\n\t\t\t\t<label class=\"sow-form-field-label-above\" for=\"sow-contact-form-field-nome-1\">\n\t\t\t\t<strong>\n\t\t\t\t\tNome\t\t\t\t\t\t\t\t\t<\/strong>\n\t\t\t<\/label>\n\t\t\t\t\t\t\t<div class=\"sow-field-container\">\n\t\t\t\t\t\t\t<input\n\t\t\ttype=\"text\"\n\t\t\tname=\"nome-1\"\n\t\t\tid=\"sow-contact-form-field-nome-1\"\n\t\t\tvalue=\"\"\n\t\t\tclass=\"sow-text-field\"\n\t\t\t\t\t\t\t\t\/>\n\t\t\t\t\t\t<\/div>\n\t\t\t\t\t\t\t<\/div>\n\t\t\t\t\t\t<div class=\"sow-form-field sow-form-field-email\">\n\t\t\t\t<label class=\"sow-form-field-label-above\" for=\"sow-contact-form-field-email-1\">\n\t\t\t\t<strong>\n\t\t\t\t\tEmail\t\t\t\t\t\t\t\t\t<\/strong>\n\t\t\t<\/label>\n\t\t\t\t\t\t\t<div class=\"sow-field-container\">\n\t\t\t\t\t\t\t<input\n\t\t\ttype=\"email\"\n\t\t\tname=\"email-1\"\n\t\t\tid=\"sow-contact-form-field-email-1\"\n\t\t\tvalue=\"\"\n\t\t\tclass=\"sow-text-field\"\t\t\t\t\t\t\t\t\/>\n\t\t\t\t\t\t<\/div>\n\t\t\t\t\t\t\t<\/div>\n\t\t\t\t\t\t<div class=\"sow-form-field sow-form-field-textarea\">\n\t\t\t\t<label class=\"sow-form-field-label-above\" for=\"sow-contact-form-field-messaggio-1\">\n\t\t\t\t<strong>\n\t\t\t\t\tMessaggio\t\t\t\t\t\t\t\t\t<\/strong>\n\t\t\t<\/label>\n\t\t\t\t\t\t\t<div class=\"sow-field-container\">\n\t\t\t\t\t\t\t<textarea\n\t\t\tname=\"messaggio-1\"\n\t\t\tid=\"sow-contact-form-field-messaggio-1\"\n\t\t\trows=\"10\"\n\t\t\t\t\t\t\t\t><\/textarea>\n\t\t\t\t\t\t<\/div>\n\t\t\t\t\t\t\t<\/div>\n\t\t\t\n\t\t\t\t\t<div class=\"sow-recaptcha\"\n\t\t\t\t\t\t\t\t\tdata-config=\"{&quot;sitekey&quot;:&quot;6LcXUDAfAAAAANEXhzH3aHe3tUz6UNRucbHsiVfh&quot;,&quot;theme&quot;:&quot;light&quot;,&quot;type&quot;:&quot;image&quot;,&quot;size&quot;:&quot;normal&quot;}\"\n\t\t\t\t\t\t\t><\/div>\n\t\t\t\n\t\t<div class=\"sow-submit-wrapper \n\t\tsow-submit-styled\t\t\">\n\n\t\t\t<button\n\t\t\t\ttype=\"submit\"\n\t\t\t\tclass=\"sow-submit\n\t\t\t\t\t\t\t\t\"\n\t\t\t\t\t\t\t>\n\t\t\t\tInvia messaggio\t\t\t<\/button>\n\t\t<\/div>\n\t\t\t\t<input\n\t\t\ttype=\"hidden\"\n\t\t\tname=\"instance_hash-1\"\n\t\t\tvalue=\"9b35a0dd\"\n\t\t\/>\n\n\t\t<input type=\"hidden\" id=\"_wpnonce\" name=\"_wpnonce\" value=\"f6e0352e50\" \/><input type=\"hidden\" name=\"_wp_http_referer\" value=\"\/index.php\/wp-json\/wp\/v2\/pages\/154\" \/>\t<\/form>\n\t<\/div><\/div><\/div><\/div><\/div><\/div>","protected":false},"excerpt":{"rendered":"<p>L&#8217;ufficio \u00e8 aperto dal luned\u00ec al venerd\u00ec dalle ore 8.30\/12.30 e 15.00\/18.00 030.6435057 030.3454663<\/p>\n","protected":false},"author":1,"featured_media":0,"parent":0,"menu_order":0,"comment_status":"closed","ping_status":"closed","template":"","meta":{"footnotes":""},"class_list":["post-154","page","type-page","status-publish","hentry"],"yoast_head":"<!-- This site is optimized with the Yoast SEO plugin v27.5 - https:\/\/yoast.com\/product\/yoast-seo-wordpress\/ -->\n<title>Contatti - Studio Incontro<\/title>\n<meta name=\"robots\" content=\"index, follow, max-snippet:-1, max-image-preview:large, max-video-preview:-1\" \/>\n<link rel=\"canonical\" href=\"https:\/\/www.studioincontro.it\/index.php\/contatti\/\" \/>\n<meta property=\"og:locale\" content=\"it_IT\" \/>\n<meta property=\"og:type\" content=\"article\" \/>\n<meta property=\"og:title\" content=\"Contatti - Studio Incontro\" \/>\n<meta property=\"og:description\" content=\"L&#039;ufficio \u00e8 aperto dal luned\u00ec al venerd\u00ec dalle ore 8.30\/12.30 e 15.00\/18.00 030.6435057 030.3454663\" \/>\n<meta property=\"og:url\" content=\"https:\/\/www.studioincontro.it\/index.php\/contatti\/\" \/>\n<meta property=\"og:site_name\" content=\"Studio Incontro\" \/>\n<meta property=\"article:modified_time\" content=\"2022-05-16T14:26:51+00:00\" \/>\n<meta name=\"twitter:card\" content=\"summary_large_image\" \/>\n<meta name=\"twitter:label1\" content=\"Tempo di lettura stimato\" \/>\n\t<meta name=\"twitter:data1\" content=\"1 minuto\" \/>\n<script type=\"application\/ld+json\" class=\"yoast-schema-graph\">{\"@context\":\"https:\\\/\\\/schema.org\",\"@graph\":[{\"@type\":\"WebPage\",\"@id\":\"https:\\\/\\\/www.studioincontro.it\\\/index.php\\\/contatti\\\/\",\"url\":\"https:\\\/\\\/www.studioincontro.it\\\/index.php\\\/contatti\\\/\",\"name\":\"Contatti - Studio Incontro\",\"isPartOf\":{\"@id\":\"https:\\\/\\\/www.studioincontro.it\\\/#website\"},\"datePublished\":\"2018-07-20T15:08:59+00:00\",\"dateModified\":\"2022-05-16T14:26:51+00:00\",\"breadcrumb\":{\"@id\":\"https:\\\/\\\/www.studioincontro.it\\\/index.php\\\/contatti\\\/#breadcrumb\"},\"inLanguage\":\"it-IT\",\"potentialAction\":[{\"@type\":\"ReadAction\",\"target\":[\"https:\\\/\\\/www.studioincontro.it\\\/index.php\\\/contatti\\\/\"]}]},{\"@type\":\"BreadcrumbList\",\"@id\":\"https:\\\/\\\/www.studioincontro.it\\\/index.php\\\/contatti\\\/#breadcrumb\",\"itemListElement\":[{\"@type\":\"ListItem\",\"position\":1,\"name\":\"Home\",\"item\":\"https:\\\/\\\/www.studioincontro.it\\\/\"},{\"@type\":\"ListItem\",\"position\":2,\"name\":\"Contatti\"}]},{\"@type\":\"WebSite\",\"@id\":\"https:\\\/\\\/www.studioincontro.it\\\/#website\",\"url\":\"https:\\\/\\\/www.studioincontro.it\\\/\",\"name\":\"Incontro Giulio srl\",\"description\":\"Gestione e valorizzazione patrimoni immobiliari e condominiali\",\"publisher\":{\"@id\":\"https:\\\/\\\/www.studioincontro.it\\\/#organization\"},\"potentialAction\":[{\"@type\":\"SearchAction\",\"target\":{\"@type\":\"EntryPoint\",\"urlTemplate\":\"https:\\\/\\\/www.studioincontro.it\\\/?s={search_term_string}\"},\"query-input\":{\"@type\":\"PropertyValueSpecification\",\"valueRequired\":true,\"valueName\":\"search_term_string\"}}],\"inLanguage\":\"it-IT\"},{\"@type\":\"Organization\",\"@id\":\"https:\\\/\\\/www.studioincontro.it\\\/#organization\",\"name\":\"Incontro Giulio Srl\",\"url\":\"https:\\\/\\\/www.studioincontro.it\\\/\",\"logo\":{\"@type\":\"ImageObject\",\"inLanguage\":\"it-IT\",\"@id\":\"https:\\\/\\\/www.studioincontro.it\\\/#\\\/schema\\\/logo\\\/image\\\/\",\"url\":\"https:\\\/\\\/www.studioincontro.it\\\/wp-content\\\/uploads\\\/2018\\\/12\\\/logo_1-01-01.jpg\",\"contentUrl\":\"https:\\\/\\\/www.studioincontro.it\\\/wp-content\\\/uploads\\\/2018\\\/12\\\/logo_1-01-01.jpg\",\"width\":1021,\"height\":250,\"caption\":\"Incontro Giulio Srl\"},\"image\":{\"@id\":\"https:\\\/\\\/www.studioincontro.it\\\/#\\\/schema\\\/logo\\\/image\\\/\"}}]}<\/script>\n<!-- \/ Yoast SEO plugin. -->","yoast_head_json":{"title":"Contatti - Studio Incontro","robots":{"index":"index","follow":"follow","max-snippet":"max-snippet:-1","max-image-preview":"max-image-preview:large","max-video-preview":"max-video-preview:-1"},"canonical":"https:\/\/www.studioincontro.it\/index.php\/contatti\/","og_locale":"it_IT","og_type":"article","og_title":"Contatti - Studio Incontro","og_description":"L'ufficio \u00e8 aperto dal luned\u00ec al venerd\u00ec dalle ore 8.30\/12.30 e 15.00\/18.00 030.6435057 030.3454663","og_url":"https:\/\/www.studioincontro.it\/index.php\/contatti\/","og_site_name":"Studio Incontro","article_modified_time":"2022-05-16T14:26:51+00:00","twitter_card":"summary_large_image","twitter_misc":{"Tempo di lettura stimato":"1 minuto"},"schema":{"@context":"https:\/\/schema.org","@graph":[{"@type":"WebPage","@id":"https:\/\/www.studioincontro.it\/index.php\/contatti\/","url":"https:\/\/www.studioincontro.it\/index.php\/contatti\/","name":"Contatti - Studio Incontro","isPartOf":{"@id":"https:\/\/www.studioincontro.it\/#website"},"datePublished":"2018-07-20T15:08:59+00:00","dateModified":"2022-05-16T14:26:51+00:00","breadcrumb":{"@id":"https:\/\/www.studioincontro.it\/index.php\/contatti\/#breadcrumb"},"inLanguage":"it-IT","potentialAction":[{"@type":"ReadAction","target":["https:\/\/www.studioincontro.it\/index.php\/contatti\/"]}]},{"@type":"BreadcrumbList","@id":"https:\/\/www.studioincontro.it\/index.php\/contatti\/#breadcrumb","itemListElement":[{"@type":"ListItem","position":1,"name":"Home","item":"https:\/\/www.studioincontro.it\/"},{"@type":"ListItem","position":2,"name":"Contatti"}]},{"@type":"WebSite","@id":"https:\/\/www.studioincontro.it\/#website","url":"https:\/\/www.studioincontro.it\/","name":"Incontro Giulio srl","description":"Gestione e valorizzazione patrimoni immobiliari e condominiali","publisher":{"@id":"https:\/\/www.studioincontro.it\/#organization"},"potentialAction":[{"@type":"SearchAction","target":{"@type":"EntryPoint","urlTemplate":"https:\/\/www.studioincontro.it\/?s={search_term_string}"},"query-input":{"@type":"PropertyValueSpecification","valueRequired":true,"valueName":"search_term_string"}}],"inLanguage":"it-IT"},{"@type":"Organization","@id":"https:\/\/www.studioincontro.it\/#organization","name":"Incontro Giulio Srl","url":"https:\/\/www.studioincontro.it\/","logo":{"@type":"ImageObject","inLanguage":"it-IT","@id":"https:\/\/www.studioincontro.it\/#\/schema\/logo\/image\/","url":"https:\/\/www.studioincontro.it\/wp-content\/uploads\/2018\/12\/logo_1-01-01.jpg","contentUrl":"https:\/\/www.studioincontro.it\/wp-content\/uploads\/2018\/12\/logo_1-01-01.jpg","width":1021,"height":250,"caption":"Incontro Giulio Srl"},"image":{"@id":"https:\/\/www.studioincontro.it\/#\/schema\/logo\/image\/"}}]}},"_links":{"self":[{"href":"https:\/\/www.studioincontro.it\/index.php\/wp-json\/wp\/v2\/pages\/154","targetHints":{"allow":["GET"]}}],"collection":[{"href":"https:\/\/www.studioincontro.it\/index.php\/wp-json\/wp\/v2\/pages"}],"about":[{"href":"https:\/\/www.studioincontro.it\/index.php\/wp-json\/wp\/v2\/types\/page"}],"author":[{"embeddable":true,"href":"https:\/\/www.studioincontro.it\/index.php\/wp-json\/wp\/v2\/users\/1"}],"replies":[{"embeddable":true,"href":"https:\/\/www.studioincontro.it\/index.php\/wp-json\/wp\/v2\/comments?post=154"}],"version-history":[{"count":55,"href":"https:\/\/www.studioincontro.it\/index.php\/wp-json\/wp\/v2\/pages\/154\/revisions"}],"predecessor-version":[{"id":1092,"href":"https:\/\/www.studioincontro.it\/index.php\/wp-json\/wp\/v2\/pages\/154\/revisions\/1092"}],"wp:attachment":[{"href":"https:\/\/www.studioincontro.it\/index.php\/wp-json\/wp\/v2\/media?parent=154"}],"curies":[{"name":"wp","href":"https:\/\/api.w.org\/{rel}","templated":true}]}}